{"id":3177,"date":"2025-12-13T19:26:28","date_gmt":"2025-12-14T00:26:28","guid":{"rendered":"https:\/\/zenithpv.ca\/?page_id=3177"},"modified":"2026-01-19T12:04:39","modified_gmt":"2026-01-19T17:04:39","slug":"schedule-call","status":"publish","type":"page","link":"https:\/\/zenithpv.ca\/fr\/schedule-call\/","title":{"rendered":"Prenez RDV"},"content":{"rendered":"<div data-elementor-type=\"wp-page\" data-elementor-id=\"3177\" class=\"elementor elementor-3177\" data-elementor-post-type=\"page\">\n\t\t\t\t<div class=\"elementor-element elementor-element-8a6cd4d e-flex e-con-boxed e-con e-parent\" data-id=\"8a6cd4d\" data-element_type=\"container\">\n\t\t\t\t\t<div class=\"e-con-inner\">\n\t\t\t\t\t<\/div>\n\t\t\t\t<\/div>\n\t\t<div class=\"elementor-element elementor-element-2b1b5ec e-con-full e-flex e-con e-parent\" data-id=\"2b1b5ec\" data-element_type=\"container\" data-settings=\"{&quot;background_background&quot;:&quot;gradient&quot;}\">\n\t\t<div class=\"elementor-element elementor-element-d7c1863 e-con-full e-flex e-con e-child\" data-id=\"d7c1863\" data-element_type=\"container\">\n\t\t\t\t<div class=\"elementor-element elementor-element-9a78a38 elementor-widget elementor-widget-hub_fancy_heading\" data-id=\"9a78a38\" data-element_type=\"widget\" data-widget_type=\"hub_fancy_heading.default\">\n\t\t\t\t<div class=\"elementor-widget-container\">\n\t\t\t\t\t\n\t\t<div id=\"ld-fancy-heading-69d730f3eca41\" class=\"ld-fancy-heading pos-rel\">\n\t\t\t<h2 class=\"ld-fh-element d-inline-block pos-rel  elementor-heading-title lqd-highlight-classic lqd-highlight-grow-left h2\"  data-inview=\"true\" data-transition-delay=\"true\" data-delay-options=\"{&quot;elements&quot;:&quot;.lqd-highlight-inner&quot;,&quot;delayType&quot;:&quot;transition&quot;}\" > <span class=\"lqd-adv-txt-item elementor-repeater-item-1949768\">Planifier un <\/span><span class=\"lqd-adv-txt-item elementor-repeater-item-8f88898\">appel<\/span><\/h2>\t\t<\/div>\n\n\t\t\t\t\t\t<\/div>\n\t\t\t\t<\/div>\n\t\t\t\t<div class=\"elementor-element elementor-element-9fd0286 elementor-widget__width-initial elementor-widget elementor-widget-hub_fancy_heading lqd-el-has-inner-anim\" data-id=\"9fd0286\" data-element_type=\"widget\" data-settings=\"{&quot;enable_split&quot;:&quot;true&quot;,&quot;split_type&quot;:&quot;lines&quot;}\" data-widget_type=\"hub_fancy_heading.default\">\n\t\t\t\t<div class=\"elementor-widget-container\">\n\t\t\t\t\t\n\t\t<div id=\"ld-fancy-heading-69d730f3ece3d\" class=\"ld-fancy-heading pos-rel\">\n\t\t\t<p class=\"ld-fh-element d-inline-block pos-rel  lqd-highlight-classic lqd-highlight-grow-left lqd-split-lines p\"  data-split-text=\"true\" data-split-options='{\"type\":\"lines\"}'> Planifier un appel d\u00e9couverte de 15 \u00e0 30 minutes sans engagement avec un associ\u00e9 principal de Zenith PV. Nous \u00e9couterons de vos besoins en pharmacovigilance, reglemnatire ou en qualit\u00e9, identifierons les lacunes et explorerons comment nos solutions sur mesure peuvent vous aider \u00e0 atteindre vos objectifs de conformit\u00e9. <\/p>\t\t<\/div>\n\n\t\t\t\t\t\t<\/div>\n\t\t\t\t<\/div>\n\t\t\t\t<\/div>\n\t\t<div class=\"elementor-element elementor-element-8eae608 e-con-full e-flex e-con e-child\" data-id=\"8eae608\" data-element_type=\"container\">\n\t\t\t\t<div class=\"elementor-element elementor-element-89e4ad8 elementor-widget elementor-widget-shortcode\" data-id=\"89e4ad8\" data-element_type=\"widget\" data-widget_type=\"shortcode.default\">\n\t\t\t\t\t\t\t<div class=\"elementor-shortcode\">\n<script>\n  if (typeof hasAmeliaEntitiesApiCall === 'undefined' && ('' === '' && '' !== '1')) {\n    var hasAmeliaEntitiesApiCall = true;\n  }\n  var ameliaShortcodeData = (typeof ameliaShortcodeData === 'undefined') ? [] : ameliaShortcodeData;\n  ameliaShortcodeData.push(\n    {\n      'hasApiCall': (typeof hasAmeliaEntitiesApiCall !== 'undefined') && hasAmeliaEntitiesApiCall,\n      'trigger': '',\n      'trigger_type': '',\n      'triggered_form': 'sbsNew',\n      'in_dialog': '',\n      'show': '',\n      'counter': '1000',\n      'category': '',\n      'service': '',\n      'employee': '',\n      'location': '',\n      'package': '',\n      'layout': '2',\n    }\n  );\n\n  var ameliaShortcodeDataTriggered = (typeof ameliaShortcodeDataTriggered === 'undefined') ? [] : ameliaShortcodeDataTriggered;\n  if (ameliaShortcodeData[ameliaShortcodeData.length - 1].trigger !== '') {\n    if (ameliaShortcodeDataTriggered.filter(a => a.counter === ameliaShortcodeData[ameliaShortcodeData.length - 1].counter).length === 0) {\n      ameliaShortcodeDataTriggered.push(ameliaShortcodeData.pop());\n    } else {\n      ameliaShortcodeData.pop()\n    }\n  }\n  if (typeof hasAmeliaEntitiesApiCall !== 'undefined' && hasAmeliaEntitiesApiCall) {\n    hasAmeliaEntitiesApiCall = false;\n  }\n<\/script>\n\n<div\n  id=\"amelia-v2-booking-1000\"\n  class=\"amelia-v2-booking\"\n >\n    <step-form-wrapper><\/step-form-wrapper><\/div>\n<\/div>\n\t\t\t\t\t\t<\/div>\n\t\t\t\t<\/div>\n\t\t\t\t<\/div>\n\t\t\t\t<\/div>","protected":false},"excerpt":{"rendered":"<p>Schedule A Call Book a no-obligation 15\u201330 minute discovery call with a Zenith PV senior partner. We\u2019ll listen to your pharmacovigilance, regulatory, or quality challenges, uncover gaps, and explore how [&hellip;]<\/p>","protected":false},"author":1,"featured_media":0,"parent":0,"menu_order":0,"comment_status":"closed","ping_status":"closed","template":"","meta":{"footnotes":""},"class_list":["post-3177","page","type-page","status-publish","hentry"],"yoast_head":"<!-- This site is optimized with the Yoast SEO Premium plugin v26.2 (Yoast SEO v26.8) - https:\/\/yoast.com\/product\/yoast-seo-premium-wordpress\/ -->\n<title>Schedule A Call - ZenithPV<\/title>\n<meta name=\"description\" content=\"Book a call with our expert team to discuss your PV needs.\" \/>\n<meta name=\"robots\" content=\"index, follow, max-snippet:-1, max-image-preview:large, max-video-preview:-1\" \/>\n<link rel=\"canonical\" href=\"https:\/\/zenithpv.ca\/fr\/schedule-call\/\" \/>\n<meta property=\"og:locale\" content=\"fr_CA\" \/>\n<meta property=\"og:type\" content=\"article\" \/>\n<meta property=\"og:title\" content=\"Schedule A Call\" \/>\n<meta property=\"og:description\" content=\"Book a call with our expert team to discuss your PV needs.\" \/>\n<meta property=\"og:url\" content=\"https:\/\/zenithpv.ca\/fr\/schedule-call\/\" \/>\n<meta property=\"og:site_name\" content=\"ZenithPV\" \/>\n<meta property=\"article:modified_time\" content=\"2026-01-19T17:04:39+00:00\" \/>\n<meta property=\"og:image\" content=\"https:\/\/zenithpv.ca\/wp-content\/uploads\/2025\/10\/hero-image-2.jpg\" \/>\n\t<meta property=\"og:image:width\" content=\"2304\" \/>\n\t<meta property=\"og:image:height\" content=\"1728\" \/>\n\t<meta property=\"og:image:type\" content=\"image\/jpeg\" \/>\n<meta name=\"twitter:card\" content=\"summary_large_image\" \/>\n<meta name=\"twitter:label1\" content=\"Estimation du temps de lecture\" \/>\n\t<meta name=\"twitter:data1\" content=\"1 minute\" \/>\n<script type=\"application\/ld+json\" class=\"yoast-schema-graph\">{\"@context\":\"https:\/\/schema.org\",\"@graph\":[{\"@type\":\"WebPage\",\"@id\":\"https:\/\/zenithpv.ca\/schedule-call\/\",\"url\":\"https:\/\/zenithpv.ca\/schedule-call\/\",\"name\":\"Schedule A Call - ZenithPV\",\"isPartOf\":{\"@id\":\"https:\/\/zenithpv.ca\/#website\"},\"datePublished\":\"2025-12-14T00:26:28+00:00\",\"dateModified\":\"2026-01-19T17:04:39+00:00\",\"description\":\"Book a call with our expert team to discuss your PV needs.\",\"breadcrumb\":{\"@id\":\"https:\/\/zenithpv.ca\/schedule-call\/#breadcrumb\"},\"inLanguage\":\"fr-CA\",\"potentialAction\":[{\"@type\":\"ReadAction\",\"target\":[\"https:\/\/zenithpv.ca\/schedule-call\/\"]}]},{\"@type\":\"BreadcrumbList\",\"@id\":\"https:\/\/zenithpv.ca\/schedule-call\/#breadcrumb\",\"itemListElement\":[{\"@type\":\"ListItem\",\"position\":1,\"name\":\"Home\",\"item\":\"https:\/\/zenithpv.ca\/\"},{\"@type\":\"ListItem\",\"position\":2,\"name\":\"Schedule A Call\"}]},{\"@type\":\"WebSite\",\"@id\":\"https:\/\/zenithpv.ca\/#website\",\"url\":\"https:\/\/zenithpv.ca\/\",\"name\":\"ZenithPV\",\"description\":\"Specialists In Pharmacovigilance, Canada\",\"publisher\":{\"@id\":\"https:\/\/zenithpv.ca\/#organization\"},\"potentialAction\":[{\"@type\":\"SearchAction\",\"target\":{\"@type\":\"EntryPoint\",\"urlTemplate\":\"https:\/\/zenithpv.ca\/?s={search_term_string}\"},\"query-input\":{\"@type\":\"PropertyValueSpecification\",\"valueRequired\":true,\"valueName\":\"search_term_string\"}}],\"inLanguage\":\"fr-CA\"},{\"@type\":\"Organization\",\"@id\":\"https:\/\/zenithpv.ca\/#organization\",\"name\":\"Zenith PV Solutions Inc.\",\"url\":\"https:\/\/zenithpv.ca\/\",\"logo\":{\"@type\":\"ImageObject\",\"inLanguage\":\"fr-CA\",\"@id\":\"https:\/\/zenithpv.ca\/#\/schema\/logo\/image\/\",\"url\":\"https:\/\/zenithpv.ca\/wp-content\/uploads\/2022\/07\/ZenithLogo.png\",\"contentUrl\":\"https:\/\/zenithpv.ca\/wp-content\/uploads\/2022\/07\/ZenithLogo.png\",\"width\":625,\"height\":125,\"caption\":\"Zenith PV Solutions Inc.\"},\"image\":{\"@id\":\"https:\/\/zenithpv.ca\/#\/schema\/logo\/image\/\"},\"sameAs\":[\"https:\/\/ca.linkedin.com\/company\/zenithpv\",\"https:\/\/www.youtube.com\/channel\/UCvQfRUpb7WdvF3I8PX9pdXA\"],\"description\":\"Zenith PV pride ourself on deep industry knowledge and a network of experts in pharmacovigilance, regulatory affairs, and quality assurance.\",\"email\":\"info@zenithpv.ca\",\"telephone\":\"(416) 807-5441\",\"numberOfEmployees\":{\"@type\":\"QuantitativeValue\",\"minValue\":\"11\",\"maxValue\":\"50\"}}]}<\/script>\n<!-- \/ Yoast SEO Premium plugin. -->","yoast_head_json":{"title":"Schedule A Call - ZenithPV","description":"Book a call with our expert team to discuss your PV needs.","robots":{"index":"index","follow":"follow","max-snippet":"max-snippet:-1","max-image-preview":"max-image-preview:large","max-video-preview":"max-video-preview:-1"},"canonical":"https:\/\/zenithpv.ca\/fr\/schedule-call\/","og_locale":"fr_CA","og_type":"article","og_title":"Schedule A Call","og_description":"Book a call with our expert team to discuss your PV needs.","og_url":"https:\/\/zenithpv.ca\/fr\/schedule-call\/","og_site_name":"ZenithPV","article_modified_time":"2026-01-19T17:04:39+00:00","og_image":[{"width":2304,"height":1728,"url":"https:\/\/zenithpv.ca\/wp-content\/uploads\/2025\/10\/hero-image-2.jpg","type":"image\/jpeg"}],"twitter_card":"summary_large_image","twitter_misc":{"Estimation du temps de lecture":"1 minute"},"schema":{"@context":"https:\/\/schema.org","@graph":[{"@type":"WebPage","@id":"https:\/\/zenithpv.ca\/schedule-call\/","url":"https:\/\/zenithpv.ca\/schedule-call\/","name":"Schedule A Call - ZenithPV","isPartOf":{"@id":"https:\/\/zenithpv.ca\/#website"},"datePublished":"2025-12-14T00:26:28+00:00","dateModified":"2026-01-19T17:04:39+00:00","description":"Book a call with our expert team to discuss your PV needs.","breadcrumb":{"@id":"https:\/\/zenithpv.ca\/schedule-call\/#breadcrumb"},"inLanguage":"fr-CA","potentialAction":[{"@type":"ReadAction","target":["https:\/\/zenithpv.ca\/schedule-call\/"]}]},{"@type":"BreadcrumbList","@id":"https:\/\/zenithpv.ca\/schedule-call\/#breadcrumb","itemListElement":[{"@type":"ListItem","position":1,"name":"Home","item":"https:\/\/zenithpv.ca\/"},{"@type":"ListItem","position":2,"name":"Schedule A Call"}]},{"@type":"WebSite","@id":"https:\/\/zenithpv.ca\/#website","url":"https:\/\/zenithpv.ca\/","name":"ZenithPV","description":"Sp\u00e9cialistes en pharmacovigilance, Canada","publisher":{"@id":"https:\/\/zenithpv.ca\/#organization"},"potentialAction":[{"@type":"SearchAction","target":{"@type":"EntryPoint","urlTemplate":"https:\/\/zenithpv.ca\/?s={search_term_string}"},"query-input":{"@type":"PropertyValueSpecification","valueRequired":true,"valueName":"search_term_string"}}],"inLanguage":"fr-CA"},{"@type":"Organization","@id":"https:\/\/zenithpv.ca\/#organization","name":"Zenith PV Solutions Inc.","url":"https:\/\/zenithpv.ca\/","logo":{"@type":"ImageObject","inLanguage":"fr-CA","@id":"https:\/\/zenithpv.ca\/#\/schema\/logo\/image\/","url":"https:\/\/zenithpv.ca\/wp-content\/uploads\/2022\/07\/ZenithLogo.png","contentUrl":"https:\/\/zenithpv.ca\/wp-content\/uploads\/2022\/07\/ZenithLogo.png","width":625,"height":125,"caption":"Zenith PV Solutions Inc."},"image":{"@id":"https:\/\/zenithpv.ca\/#\/schema\/logo\/image\/"},"sameAs":["https:\/\/ca.linkedin.com\/company\/zenithpv","https:\/\/www.youtube.com\/channel\/UCvQfRUpb7WdvF3I8PX9pdXA"],"description":"Zenith PV est fi\u00e8re de sa connaissance approfondie du secteur et de son r\u00e9seau d&#039;experts en pharmacovigilance, affaires r\u00e9glementaires et assurance qualit\u00e9.","email":"info@zenithpv.ca","telephone":"(416) 807-5441","numberOfEmployees":{"@type":"QuantitativeValue","minValue":"11","maxValue":"50"}}]}},"_links":{"self":[{"href":"https:\/\/zenithpv.ca\/fr\/wp-json\/wp\/v2\/pages\/3177","targetHints":{"allow":["GET"]}}],"collection":[{"href":"https:\/\/zenithpv.ca\/fr\/wp-json\/wp\/v2\/pages"}],"about":[{"href":"https:\/\/zenithpv.ca\/fr\/wp-json\/wp\/v2\/types\/page"}],"author":[{"embeddable":true,"href":"https:\/\/zenithpv.ca\/fr\/wp-json\/wp\/v2\/users\/1"}],"replies":[{"embeddable":true,"href":"https:\/\/zenithpv.ca\/fr\/wp-json\/wp\/v2\/comments?post=3177"}],"version-history":[{"count":97,"href":"https:\/\/zenithpv.ca\/fr\/wp-json\/wp\/v2\/pages\/3177\/revisions"}],"predecessor-version":[{"id":3428,"href":"https:\/\/zenithpv.ca\/fr\/wp-json\/wp\/v2\/pages\/3177\/revisions\/3428"}],"wp:attachment":[{"href":"https:\/\/zenithpv.ca\/fr\/wp-json\/wp\/v2\/media?parent=3177"}],"curies":[{"name":"wp","href":"https:\/\/api.w.org\/{rel}","templated":true}]}}